{"id":1384,"date":"2017-09-07T13:33:21","date_gmt":"2017-09-07T12:33:21","guid":{"rendered":"https:\/\/educ-sup-aula-test.azurewebsites.net\/?page_id=1384\/"},"modified":"2017-09-07T13:33:21","modified_gmt":"2017-09-07T12:33:21","slug":"glossari","status":"publish","type":"page","link":"https:\/\/educ-sup-test.aula.uoc.edu\/ca\/glossari\/","title":{"rendered":"Glossari"},"content":{"rendered":"<p>En aquest <a href=\"\/wp-content\/uploads\/2017\/09\/Glossari_AQ_2010.pdf\" target=\"_blank\" rel=\"noopener\"><strong>enlla\u00e7<\/strong><\/a> podreu accedir al glossari de la qualitat a l&#8217;educaci\u00f3 superior.<br \/>\n<!--\n\n\n<ul>\n \t\n\n<li><strong>acreditaci\u00f3<\/strong> f Proc\u00e9s d'avaluaci\u00f3 d'una instituci\u00f3 o d'un programa per tal de recon\u00e8ixer formalment que compleix uns criteris de qualitat predeterminats. El resultat d'aquest proc\u00e9s \u00e9s el reconeixement d'un estatut de l'objecte d'avaluaci\u00f3 (una decisi\u00f3 s\u00ed o no) i l'autoritzaci\u00f3 per operar en un per\u00edode de temps.<\/li>\n\n\n \t\n\n<li><strong>assegurament de qualitat<\/strong> m Atenci\u00f3 continuada cap a la qualitat, orientada al seu manteniment i millora.<\/li>\n\n\n \t\n\n<li><strong>auditoria<\/strong> f Proc\u00e9s de revisi\u00f3 d'una instituci\u00f3 que se centra principalment en la seva rendici\u00f3 de comptes i en determinar si es compleixen els objectius establerts, a m\u00e9s de la garantia de la qualitat i la integritat dels seus resultats. ([cf]popover_enlace_1[\/cf])<\/li>\n\n\n \t\n\n<li><strong>auditoria de qualitat<\/strong> f Avaluaci\u00f3 de la manera de garantir la qualitat. L'objectiu \u00e9s validar els mecanismes d'assegurament de la qualitat.<\/li>\n\n\n \t\n\n<li><strong><em>benchmarking<\/em><\/strong> m<\/li>\n\n\n \t\n\n<li><strong>criteri de qualitat<\/strong> m<\/li>\n\n\n \t\n\n<li><strong>directrius<\/strong> f Guies que contenen en <em>guidelines<\/em><\/li>\n\n\n \t\n\n<li><strong>ESG<\/strong><\/li>\n\n\n \t\n\n<li><strong>est\u00e0ndard<\/strong> m Formulaci\u00f3 del nivell de resultats esperat.<\/li>\n\n\n \t\n\n<li><strong>avaluaci\u00f3 de qualitat<\/strong> f Proc\u00e9s general d'avaluaci\u00f3 sistem\u00e0tica i cr\u00edtica de la qualitat d'una instituci\u00f3, d'un programa, d'una investigaci\u00f3, d'un proc\u00e9s o d'un servei que condueix a judicis de valor i recomanacions. Se sol basar en una autoavaluaci\u00f3 o en una avaluaci\u00f3 externa.<\/li>\n\n\n \t\n\n<li><strong>evid\u00e8ncia<\/strong> f<\/li>\n\n\n \t\n\n<li><strong>guidelines<\/strong> f Vegeu <strong>directrius<\/strong>.<\/li>\n\n\n \t\n\n<li><strong>indicador<\/strong> m<\/li>\n\n\n \t\n\n<li><strong>r\u00e0nking<\/strong> m<\/li>\n\n\n<\/ul>\n\n\n--><\/p>\n","protected":false},"excerpt":{"rendered":"<p>En aquest enlla\u00e7 podreu accedir al glossari de la qualitat a l&#8217;educaci\u00f3 superior.<\/p>\n","protected":false},"author":2,"featured_media":0,"parent":0,"menu_order":0,"comment_status":"closed","ping_status":"closed","template":"","meta":{"_acf_changed":false,"footnotes":""},"acf":[],"_links":{"self":[{"href":"https:\/\/educ-sup-test.aula.uoc.edu\/ca\/wp-json\/wp\/v2\/pages\/1384"}],"collection":[{"href":"https:\/\/educ-sup-test.aula.uoc.edu\/ca\/wp-json\/wp\/v2\/pages"}],"about":[{"href":"https:\/\/educ-sup-test.aula.uoc.edu\/ca\/wp-json\/wp\/v2\/types\/page"}],"author":[{"embeddable":true,"href":"https:\/\/educ-sup-test.aula.uoc.edu\/ca\/wp-json\/wp\/v2\/users\/2"}],"replies":[{"embeddable":true,"href":"https:\/\/educ-sup-test.aula.uoc.edu\/ca\/wp-json\/wp\/v2\/comments?post=1384"}],"version-history":[{"count":0,"href":"https:\/\/educ-sup-test.aula.uoc.edu\/ca\/wp-json\/wp\/v2\/pages\/1384\/revisions"}],"wp:attachment":[{"href":"https:\/\/educ-sup-test.aula.uoc.edu\/ca\/wp-json\/wp\/v2\/media?parent=1384"}],"curies":[{"name":"wp","href":"https:\/\/api.w.org\/{rel}","templated":true}]}}