{"id":444,"date":"2017-09-04T15:18:32","date_gmt":"2017-09-04T14:18:32","guid":{"rendered":"https:\/\/educ-sup-aula-test.azurewebsites.net\/?page_id=444\/"},"modified":"2017-09-04T15:18:32","modified_gmt":"2017-09-04T14:18:32","slug":"entrevistes","status":"publish","type":"page","link":"https:\/\/educ-sup-test.aula.uoc.edu\/ca\/entrevistes\/","title":{"rendered":"Entrevistes"},"content":{"rendered":"<p><strong>Ronny Heintze<\/strong><\/p>\n<p>Assessor s\u00e8nior a <a href=\"http:\/\/www.aqas.eu\/\" target=\"_blank\" rel=\"noopener\">AQAS<\/a>, l&#8217;ag\u00e8ncia alemanya m\u00e9s gran d&#8217;acreditaci\u00f3, on exerceix com a comissionat d&#8217;afers internacionals.<\/p>\n<p>En els seus set anys d&#8217;exercici professional, ha coordinat m\u00e9s de cent procediments d&#8217;acreditaci\u00f3 dins i fora d&#8217;Alemanya, i s&#8217;ha centrat especialment en programes conjunts. La seva experi\u00e8ncia internacional compr\u00e8n projectes a tota Europa, a R\u00fassia, Xipre, Oman i el Brasil. Ha treballat com a expert en nombrosos projectes de la Uni\u00f3 Europea gr\u00e0cies als quals ha passat llargs per\u00edodes a Egipte i Mold\u00e0via.<\/p>\n<div class=\"videowrapper \">\n                    <div class=\"videocontent\">\n                        <video data-url-desk=\"http:\/\/cdnapi.kaltura.com\/p\/2453002\/sp\/245300200\/playManifest\/entryId\/1_skqe9gsz\/flavorId\/1_ctjlf8tz\/format\/url\/protocol\/http\/a.mp4\" data-url-trans=\"\/wp-content\/uploads\/2017\/09\/m2352_t3_004_CAT.pdf\" data-url-down=\"http:\/\/uoc.tv.am.uoc.es\/educ-sup\/entrevistas_Heintze_mobil.mp4\" data-url-mobile=\"http:\/\/cdnapi.kaltura.com\/p\/2453002\/sp\/245300200\/playManifest\/entryId\/1_skqe9gsz\/flavorId\/1_h8no77sz\/format\/url\/protocol\/http\/a.mp4\" id=\"1778236582337\" class=\"video-js vjs-default-skin vjs-big-play-centered video-js-fullscreen\" controls preload=\"metadata\" width=\"auto\" height=\"auto\" poster=\"\"><track kind=\"subtitles\" src=\"\/wp-content\/uploads\/2017\/09\/m2352_t3_004_CAT.vtt\" label=\"Subt\u00edtulos\" \/>\n                                <p class=\"vjs-no-js\">error video<\/p>\n                        <\/video>\n                <\/div>\n            <\/div>\n<p>&nbsp;<\/p>\n<p><strong>H\u00e9ctor Sauret<\/strong><\/p>\n<p>President del Consell de Rectors d&#8217;Universitats Privades (CRUP, Argentina). Professor titular d&#8217;Hist\u00f2ria constitucional i Dret comunitari a la Facultat de Ci\u00e8ncies Jur\u00eddiques i Socials de la Universitat de Concepci\u00f3, a Uruguai. Membre en representaci\u00f3 del CRUP a la Comissi\u00f3 Nacional d&#8217;Avaluaci\u00f3 i Acreditaci\u00f3 Universit\u00e0ria (CONEAU). Participant de visites t\u00e8cniques i dissertant a institucions d&#8217;educaci\u00f3 superior i f\u00f2rums acad\u00e8mics a nivell nacional i internacional al Brasil, M\u00e8xic, Fran\u00e7a, EUA, Austr\u00e0lia, Puerto Rico i la Xina.<\/p>\n<div class=\"videowrapper \">\n                    <div class=\"videocontent\">\n                        <video data-url-desk=\"http:\/\/cdnapi.kaltura.com\/p\/2453002\/sp\/245300200\/playManifest\/entryId\/1_mgarggca\/flavorId\/1_qeghokwf\/format\/url\/protocol\/http\/a.mp4\" data-url-trans=\"\/wp-content\/uploads\/2017\/09\/Entrevista-Sauret_CAT.pdf\" data-url-down=\"http:\/\/uoc.tv.am.uoc.es\/educ-sup\/entrevistas_Sauret_movil.mp4\" data-url-mobile=\"http:\/\/cdnapi.kaltura.com\/p\/2453002\/sp\/245300200\/playManifest\/entryId\/1_mgarggca\/flavorId\/1_qb3aeg58\/format\/url\/protocol\/http\/a.mp4\" id=\"1778236670148\" class=\"video-js vjs-default-skin vjs-big-play-centered video-js-fullscreen\" controls preload=\"metadata\" width=\"auto\" height=\"auto\" poster=\"\"><track kind=\"subtitles\" src=\"\/wp-content\/uploads\/2017\/09\/Entrevista-Sauret_CAT.vtt\" label=\"Subt\u00edtulos\" \/>\n                                <p class=\"vjs-no-js\">error video<\/p>\n                        <\/video>\n                <\/div>\n            <\/div>\n<p>&nbsp;<\/p>\n<p><strong>Manuel Cort\u00e9s Fontcuberta Abucci<\/strong><\/p>\n<p>Director d&#8217;assegurament de la qualitat en la Universitat Peruana de Ci\u00e8ncies Aplicades i professor d&#8217;Economia per a la gesti\u00f3 a la mateixa universitat. \u00c9s m\u00e0ster en Economia per la Universitat Estatal d&#8217;Ohio i llicenciat en Economia per la Universitat del Pac\u00edfic.<\/p>\n<p>Entre les seves distincions destaca la beca Fulbright de la Comissi\u00f3 Fulbright, i entre les seves publicacions:\u00a0<em>Shocks externos de la pol\u00edtica econ\u00f3mica: el caso peruano 1978-1982<\/em>,\u00a0<em>Discrimination in installment lending by retailers of consumer durable during apartheid in South Africa<\/em>,\u00a0<em>La inversi\u00f3n extranjera en la miner\u00eda: un estudio comparativo<\/em>.<\/p>\n<div class=\"videowrapper \">\n                    <div class=\"videocontent\">\n                        <video data-url-desk=\"http:\/\/cdnapi.kaltura.com\/p\/2453002\/sp\/245300200\/playManifest\/entryId\/1_u5hokzt4\/flavorId\/1_x1d62x1e\/format\/url\/protocol\/http\/a.mp4\" data-url-trans=\"\/wp-content\/uploads\/2017\/09\/Entrevista-Foncuberta_CAT.pdf\" data-url-down=\"http:\/\/uoc.tv.am.uoc.es\/educ-sup\/entrevistas_Fontcuberta_movil.mp4\" data-url-mobile=\"http:\/\/cdnapi.kaltura.com\/p\/2453002\/sp\/245300200\/playManifest\/entryId\/1_u5hokzt4\/flavorId\/1_ncqoi68g\/format\/url\/protocol\/http\/a.mp4\" id=\"1778236577799\" class=\"video-js vjs-default-skin vjs-big-play-centered video-js-fullscreen\" controls preload=\"metadata\" width=\"auto\" height=\"auto\" poster=\"\"><track kind=\"subtitles\" src=\"\/wp-content\/uploads\/2017\/09\/m2352_t1_001-CAT.vtt\" label=\"Subt\u00edtulos\" \/>\n                                <p class=\"vjs-no-js\">error video<\/p>\n                        <\/video>\n                <\/div>\n            <\/div>\n<p>&nbsp;<\/p>\n<p><strong>Francisco Marmolejo<\/strong><\/p>\n<p>L\u00edder i coordinador de la xarxa d&#8217;especialistes en educaci\u00f3 superior del Banc Mundial, que facilita l&#8217;intercanvi d&#8217;idees sobre iniciatives d&#8217;educaci\u00f3 superior a tot el m\u00f3n. Anteriorment, va ser director executiu fundador del Consorci de Col\u00b7laboraci\u00f3 en Educaci\u00f3 Superior d&#8217;Am\u00e8rica del Nord (CONAHEC), una xarxa de m\u00e9s de cent seixanta institucions d&#8217;educaci\u00f3 superior, principalment de Canad\u00e0, els Estats Units i M\u00e8xic, amb seu a la Universitat d&#8217;Arizona.<\/p>\n<div class=\"videowrapper \">\n                    <div class=\"videocontent\">\n                        <video data-url-desk=\"http:\/\/cdnapi.kaltura.com\/p\/2453002\/sp\/245300200\/playManifest\/entryId\/1_uxgk3cdm\/flavorId\/1_yg7s10wm\/format\/url\/protocol\/http\/a.mp4\" data-url-trans=\"\/wp-content\/uploads\/2017\/09\/Entrevista_Marmolejo_CAT.pdf\" data-url-down=\"http:\/\/uoc.tv.am.uoc.es\/educ-sup\/entrevistas_Marmolejo_mov_catsub_.mp4\" data-url-mobile=\"http:\/\/cdnapi.kaltura.com\/p\/2453002\/sp\/245300200\/playManifest\/entryId\/1_uxgk3cdm\/flavorId\/1_qsonra97\/format\/url\/protocol\/http\/a.mp4\" id=\"1778236654638\" class=\"video-js vjs-default-skin vjs-big-play-centered video-js-fullscreen\" controls preload=\"metadata\" width=\"auto\" height=\"auto\" poster=\"\/wp-content\/uploads\/2017\/09\/Entrevista_Marmolejo_CAT.pdf\">\n                                <p class=\"vjs-no-js\">error video<\/p>\n                        <\/video>\n                <\/div>\n            <\/div>\n<p>&nbsp;<\/p>\n","protected":false},"excerpt":{"rendered":"<p>Ronny Heintze Assessor s\u00e8nior a AQAS, l&#8217;ag\u00e8ncia alemanya m\u00e9s gran d&#8217;acreditaci\u00f3, on exerceix com a comissionat d&#8217;afers internacionals. En els seus set anys d&#8217;exercici professional, ha coordinat m\u00e9s de cent procediments d&#8217;acreditaci\u00f3 dins i fora d&#8217;Alemanya, i s&#8217;ha centrat especialment en programes conjunts. La seva experi\u00e8ncia internacional compr\u00e8n projectes a tota Europa, a R\u00fassia, Xipre, [&hellip;]<\/p>\n","protected":false},"author":2,"featured_media":0,"parent":0,"menu_order":0,"comment_status":"closed","ping_status":"closed","template":"","meta":{"_acf_changed":false,"footnotes":""},"acf":[],"_links":{"self":[{"href":"https:\/\/educ-sup-test.aula.uoc.edu\/ca\/wp-json\/wp\/v2\/pages\/444"}],"collection":[{"href":"https:\/\/educ-sup-test.aula.uoc.edu\/ca\/wp-json\/wp\/v2\/pages"}],"about":[{"href":"https:\/\/educ-sup-test.aula.uoc.edu\/ca\/wp-json\/wp\/v2\/types\/page"}],"author":[{"embeddable":true,"href":"https:\/\/educ-sup-test.aula.uoc.edu\/ca\/wp-json\/wp\/v2\/users\/2"}],"replies":[{"embeddable":true,"href":"https:\/\/educ-sup-test.aula.uoc.edu\/ca\/wp-json\/wp\/v2\/comments?post=444"}],"version-history":[{"count":0,"href":"https:\/\/educ-sup-test.aula.uoc.edu\/ca\/wp-json\/wp\/v2\/pages\/444\/revisions"}],"wp:attachment":[{"href":"https:\/\/educ-sup-test.aula.uoc.edu\/ca\/wp-json\/wp\/v2\/media?parent=444"}],"curies":[{"name":"wp","href":"https:\/\/api.w.org\/{rel}","templated":true}]}}